{"id":481,"date":"2020-10-27T18:54:45","date_gmt":"2020-10-27T18:54:45","guid":{"rendered":"https:\/\/www.itapororocavilla.com.br\/s\/?page_id=481"},"modified":"2020-10-27T19:06:52","modified_gmt":"2020-10-27T19:06:52","slug":"politica-de-privacidade","status":"publish","type":"page","link":"https:\/\/www.itapororocavilla.com.br\/s\/politica-de-privacidade\/","title":{"rendered":"Pol\u00edtica de Privacidade"},"content":{"rendered":"\n<p>1. Esta Pol\u00edtica de Privacidade tem como compromisso proteger os dados de contato dos usu\u00e1rios e visitantes que entram em contato no site Itapororoca Villa.<\/p>\n\n\n\n<p><br>2. Todas as informa\u00e7\u00f5es confiadas no formul\u00e1rio de contato ser\u00e3o de uso exclusivo da Itapororoca Villa.<\/p>\n\n\n\n<p>3. Ao enviar o formul\u00e1rio, o usu\u00e1rio aceita os termos desta pol\u00edtica de privacidade e pol\u00edtica de cookies, tanto por meio da internet como por outras m\u00eddias.<\/p>\n\n\n\n<p>4. O usu\u00e1rio ser\u00e1 o \u00fanico respons\u00e1vel pela confidencialidade e adequada utiliza\u00e7\u00e3o de seus dados enviados.<\/p>\n\n\n\n<p>5. Nenhuma informa\u00e7\u00e3o fornecida ser\u00e1 divulgada sem a pr\u00e9via autoriza\u00e7\u00e3o do usu\u00e1rio, exceto em caso de determina\u00e7\u00e3o por ordem judicial.<\/p>\n\n\n\n<p>6. As informa\u00e7\u00f5es coletadas pela Itapororoca Villa trafegam e s\u00e3o armazenadas de forma segura, com o uso de criptografia.<\/p>\n\n\n\n<p>7. A Itapororoca Villa poder\u00e1 modificar esta Pol\u00edtica de Privacidade a qualquer tempo. As altera\u00e7\u00f5es estar\u00e3o sempre presentes neste espa\u00e7o, de modo que os usu\u00e1rios tenham integral conhecimento.<\/p>\n\n\n\n<p><strong>Pol\u00edtica de Cookies<\/strong><\/p>\n\n\n\n<p>A presente Pol\u00edtica de Cookies aplica-se ao site shoptriz.com.br e visa proporcionar uma experi\u00eancia ainda mais transparente em nosso site, explicando o conceito de Cookies, como os utilizamos para melhorar sua navega\u00e7\u00e3o e, ainda, as possibilidades de customiza\u00e7\u00e3o do uso.<br>Caso n\u00e3o concorde com o uso de Cookies da forma apresentada, voc\u00ea poder\u00e1: (i) ajustar as configura\u00e7\u00f5es de seu navegador de internet para n\u00e3o permitir o uso de Cookies ou (ii) n\u00e3o acessar o site.<br>Lembramos que desabilitar o uso de Cookies poder\u00e1 impactar sua experi\u00eancia ao navegar no site.<\/p>\n","protected":false},"excerpt":{"rendered":"<p>1. Esta Pol\u00edtica de Privacidade tem como compromisso proteger os dados de contato dos usu\u00e1rios e visitantes que entram em contato no site Itapororoca Villa. 2. Todas as informa\u00e7\u00f5es confiadas no formul\u00e1rio de contato ser\u00e3o de uso exclusivo da Itapororoca Villa. 3. Ao enviar o formul\u00e1rio, o usu\u00e1rio aceita os termos desta pol\u00edtica de privacidade [&hellip;]<\/p>\n","protected":false},"author":1,"featured_media":0,"parent":0,"menu_order":0,"comment_status":"closed","ping_status":"closed","template":"page-full-width-int.php","meta":[],"_links":{"self":[{"href":"https:\/\/www.itapororocavilla.com.br\/s\/wp-json\/wp\/v2\/pages\/481"}],"collection":[{"href":"https:\/\/www.itapororocavilla.com.br\/s\/wp-json\/wp\/v2\/pages"}],"about":[{"href":"https:\/\/www.itapororocavilla.com.br\/s\/wp-json\/wp\/v2\/types\/page"}],"author":[{"embeddable":true,"href":"https:\/\/www.itapororocavilla.com.br\/s\/wp-json\/wp\/v2\/users\/1"}],"replies":[{"embeddable":true,"href":"https:\/\/www.itapororocavilla.com.br\/s\/wp-json\/wp\/v2\/comments?post=481"}],"version-history":[{"count":2,"href":"https:\/\/www.itapororocavilla.com.br\/s\/wp-json\/wp\/v2\/pages\/481\/revisions"}],"predecessor-version":[{"id":486,"href":"https:\/\/www.itapororocavilla.com.br\/s\/wp-json\/wp\/v2\/pages\/481\/revisions\/486"}],"wp:attachment":[{"href":"https:\/\/www.itapororocavilla.com.br\/s\/wp-json\/wp\/v2\/media?parent=481"}],"curies":[{"name":"wp","href":"https:\/\/api.w.org\/{rel}","templated":true}]}}