{"id":39,"date":"2015-09-24T17:42:57","date_gmt":"2015-09-24T17:42:57","guid":{"rendered":"http:\/\/www.itapororocavilla.com.br\/s\/?page_id=39"},"modified":"2018-09-25T13:49:39","modified_gmt":"2018-09-25T13:49:39","slug":"localizacao-2","status":"publish","type":"page","link":"https:\/\/www.itapororocavilla.com.br\/s\/localizacao-2\/","title":{"rendered":"LOCALIZA\u00c7\u00c3O"},"content":{"rendered":"<p align=\"justify\">Localizada na Costa Atl\u00e2ntica \u0096- Bahia, 4 km ao sul da Vila de Trancoso, na quase inabitada praia da Itapororoca, esta magn\u00edfica Villa tem 500m de frente-mar. Encontra-se a 40 minutos do Aeroporto Internacional de Porto Seguro e 15 minutos do aeroporto de Terra Vista (para jatos particulares). H\u00e1 ainda um heliponto na propriedade para at\u00e9 3 helic\u00f3pteros simult\u00e2neos.<\/p>\n<p align=\"justify\">O acesso a praia \u00e9 privativo, a Villa \u00e9 &#8220;p\u00e9 na areia&#8221;. Os h\u00f3spedes passeiam por \u00e1guas cristalinas da Praia de itapororoca.<\/p>\n<!-- Carousel Style & Script for  gallery-69f5b90fb2539 -->\r\n\r\n<script type=\"text\/javascript\">\r\n\/\/ <![CDATA[\r\n\/* START --- Image Carousel --- *\/\r\n\r\njQuery(document).ready(function($) {\r\n\r\n    \r\n    $('.ghozylab-gallery img').each(function(i) {\r\n\r\n        $alt = $(this).attr('alt');\r\n\r\n        \/\/ Replace default title to more fancy :)\r\n        $(this).attr('alt', $alt.replace(\/-|_\/g, ' '));\r\n\r\n        $altnew = $(this).attr('alt').toLowerCase().replace(\/\\b[a-z]\/g, function(letter) {\r\n\r\n            return letter.toUpperCase();\r\n\r\n        });\r\n\r\n        $(this).attr('alt', $altnew);\r\n        \/\/ Compatibility with Zoom Lite Theme Image LazyLoad\r\n        $(this).removeAttr('data-lazy-src');\r\n\r\n    });\r\n\r\n    \r\n    $('#icppreloader-gallery-69f5b90fb2539').fadeOut(300, function() {\r\n        $('#gallery-69f5b90fb2539').fadeIn(300);\r\n        var slider69f5b90fb2539 = $('#gallery-69f5b90fb2539').bxSlider({\r\n            auto: false,\r\n            pause: 3000,\r\n            autoHover: true,\r\n            moveSlides: 3,\r\n            minSlides: 3,\r\n            maxSlides: 3,\r\n            slideWidth: 250,\r\n            slideMargin: 10,\r\n            startSlide: 0,\r\n            infiniteLoop: true,\r\n            captions: true,\r\n            captionsMode: 'alt',\r\n            adaptiveHeight: false,\r\n            useCSS: false,\r\n            pager: true,\r\n            easing: 'easeOutBounce',\r\n            speed: 2500,\r\n            preloadImages: 'all',\r\n            onSlideBefore: function() {\r\n                $('#gallery-69f5b90fb2539 .bx-caption').slideUp();\r\n            },\r\n            onSlideAfter: function($slideElement, oldIndex, newIndex) {\r\n                                $('#gallery-69f5b90fb2539 .bx-caption').slideDown();\r\n            }\r\n        });\r\n\r\n    });\r\n});\r\n\r\n\/* END --- Image Carousel --- *\/\r\n\r\n\/\/ ]]>\r\n<\/script>\r\n\r\n<style type=\"text\/css\">\r\n.markup-gallery-69f5b90fb2539 .carousel-item img {width: 100%;margin: 0 auto;border:none !important;border-radius: 0px !important;box-shadow:none !important;}.markup-gallery-69f5b90fb2539 .bx-controls-direction a {display: none;}.markup-gallery-69f5b90fb2539 .bx-wrapper:hover .bx-controls-direction a {display: block;}1<\/style>\r\n\r\n\n\t\t<div id='icppreloader-gallery-69f5b90fb2539' class='icpsliderpreloader'><\/div><div class='markup-gallery-69f5b90fb2539'><div style='display:none;' id='gallery-69f5b90fb2539' class='ghozylab-gallery galleryid-39 gallery-size-full'><div class='carousel-item'><a   href='https:\/\/www.itapororocavilla.com.br\/s\/wp-content\/uploads\/2015\/09\/\u00e1guas-cristalinas-de-Itapororoca-1024x683.jpg'><img width=\"2048\" height=\"1365\" src=\"https:\/\/www.itapororocavilla.com.br\/s\/wp-content\/uploads\/image_carousel_thumbs\/guas-cristalinas-de-Itapororoca-onoo6m49h6qnvqy8ywuxkgxdghy1rulk5rth4zkuv8.jpg\" class=\"attachment-full size-full\" alt=\"\u00c1guas cristalinas de Itapororoca Villa\" loading=\"lazy\" \/><\/a><\/div><div class='carousel-item'><a   href='https:\/\/www.itapororocavilla.com.br\/s\/wp-content\/uploads\/2015\/09\/areias-de-Itapororoca1-1024x683.jpg'><img width=\"2048\" height=\"1365\" src=\"https:\/\/www.itapororocavilla.com.br\/s\/wp-content\/uploads\/image_carousel_thumbs\/areias-de-Itapororoca1-onoo361kf20tb7yh3f86fc8j1mxljswzoppdsgotok.jpg\" class=\"attachment-full size-full\" alt=\"Areias de Itapororoca\" loading=\"lazy\" \/><\/a><\/div><div class='carousel-item'><a   href='https:\/\/www.itapororocavilla.com.br\/s\/wp-content\/uploads\/2015\/09\/localiz1.jpg'><img width=\"470\" height=\"250\" src=\"https:\/\/www.itapororocavilla.com.br\/s\/wp-content\/uploads\/image_carousel_thumbs\/localiz1-onoo5a6hsmx1fmvvqu4yjb0v5uibvab8z6jpnvjxok.jpg\" class=\"attachment-full size-full\" alt=\"Localiza\u00e7\u00e3o Itapororoca Villa\" loading=\"lazy\" \/><\/a><\/div>\r\n\t\t<\/div><\/div>\n\n<p class=\"subtit_internas\" align=\"justify\"><strong>Trancoso<\/strong><\/p>\n<p align=\"justify\">A pequena vila fundada por jesu\u00edtas no s\u00e9culo 16 \u00e9 um dos destinos mais badalados das f\u00e9rias. Trancoso foi redescoberta no fim dos anos 70 por um grupo de hippies. Na \u00e9poca, o Quadradao era s\u00f3 um conjunto de casas de cada lado de um grande gramado com a igreja S\u00e3o Jo\u00e3o Batista ao fundo, de onde se v\u00ea o mar. Hoje a vida noturna da cidade gira em torno desse Quadrado. A grande atra\u00e7\u00e3o s\u00e3o as in\u00fameras lojas de roupas e artesanato e tamb\u00e9m bares e restaurantes requintados, onde se pode curtir m\u00fasica ao vivo at\u00e9 de madrugada.<\/p>\n<p align=\"justify\"><strong>A praia de Itapororoca<\/strong><br \/>\nSeu nome vem do Tupi e quer dizer \u0093pedra estrondeante\u0094 fazendo refer\u00eancia a um trecho da praia onde as ondas quebram numa pedra provocando um som peculiar.<\/p>\n<p align=\"justify\">Sua paisagem possui arrecifes, que na mar\u00e9 baixa formam piscinas naturais de \u00e1guas quentes, onde pode-se admirar muitas esp\u00e9cies de peixes multicoloridos. Ideal para mergulho. Os passeios \u00e0 cavalo ou bicicleta na mar\u00e9 baixa (por 6 km rumo sul) chega-se ao Rio dos Frades, onde Pero Vaz de Caminha desembarcou , ali escrevendo a Carta do Descobrimento do Brasil.<\/p>\n<p class=\"subtit_internas\" align=\"justify\"><strong>Como chegar<\/strong><\/p>\n<p align=\"justify\">A Itapororoca Villa est\u00e1 localizada em Trancoso, a apenas 40 minutos do Aeroporto Internacional de Porto Seguro.<\/p>\n<p align=\"justify\"><strong>Via A\u00e9rea<\/strong><br \/>\nExistem v\u00f4os regulares das cia \u00e1reas Azul, GOL e TAM de S\u00e3o Paulo e Salvador para Porto Seguro.<br \/>\nAeroporto para pouso de jatos particulares no Condom\u00ednio Terra Vista \u00e0 15 km da Villa.<\/p>\n<p align=\"justify\"><strong>Helic\u00f3pteros:<\/strong><br \/>\nA localiza\u00e7\u00e3o no GPS da Itapororoca Villa \u00e9:<\/p>\n<table border=\"0\" width=\"100%\" cellspacing=\"0\" cellpadding=\"0\" align=\"justify\">\n<tbody>\n<tr>\n<td valign=\"top\" width=\"54%\"><strong>SAD-69<br \/>\n<\/strong>Latitude (GMS): -16\u00b0 37 42,68711&#8243;<br \/>\nLongitude (GMS): -39\u00b0 05 29,89000&#8243;<br \/>\nLatitude (decimal): -16,62852420<br \/>\nLongitude (decimal): -39,09163611UTM<br \/>\nMC: -39\u00b0<br \/>\nE(m): 490226,905<br \/>\nN(m): 8161530,149<\/td>\n<\/tr>\n<\/tbody>\n<\/table>\n<p>Cartesianas<br \/>\nX(m): 4744614,134<br \/>\nY(m): -3854693,415<\/p>\n<p><strong>SIRGAS2000 (WGS84)<br \/>\n<\/strong>Latitude (GMS): -16\u00b0 37 44,37724&#8243;<br \/>\nLongitude (GMS): -39\u00b0 5 31,22135&#8243;<br \/>\nLatitude (decimal): -16,62899368<br \/>\nLongitude (decimal): -39,09200593UTM<br \/>\nMC: -39\u00b0<br \/>\nE(m): 490187,523<br \/>\nN(m): 8161484,538<\/p>\n<p>Cartesianas<br \/>\nX(m): 4744546,784<br \/>\nY(m): -3854689,535<\/p>\n<p align=\"justify\"><strong>Via Terrestre:<\/strong><br \/>\nO acesso \u00e0 Itapororoca Villa \u00e9 feito pela Rodovia BR 101 at\u00e9 entroncamento Porto Seguro &#8211; Trancoso\/Arraial D\u0092Ajuda (BA 001) e seguir 40 km at\u00e9 Trancoso.<\/p>\n<p align=\"justify\"><strong>Transfer:<\/strong><br \/>\nOs h\u00f3spedes podem solicitar no momento da reserva o servi\u00e7o de transfer.<\/p>\n","protected":false},"excerpt":{"rendered":"<p>Localizada na Costa Atl\u00e2ntica \u0096- Bahia, 4 km ao sul da Vila de Trancoso, na quase inabitada praia da Itapororoca, esta magn\u00edfica Villa tem 500m de frente-mar. Encontra-se a 40 minutos do Aeroporto Internacional de Porto Seguro e 15 minutos do aeroporto de Terra Vista (para jatos particulares). H\u00e1 ainda um heliponto na propriedade para [&hellip;]<\/p>\n","protected":false},"author":1,"featured_media":0,"parent":0,"menu_order":0,"comment_status":"closed","ping_status":"closed","template":"page-full-width-int.php","meta":[],"_links":{"self":[{"href":"https:\/\/www.itapororocavilla.com.br\/s\/wp-json\/wp\/v2\/pages\/39"}],"collection":[{"href":"https:\/\/www.itapororocavilla.com.br\/s\/wp-json\/wp\/v2\/pages"}],"about":[{"href":"https:\/\/www.itapororocavilla.com.br\/s\/wp-json\/wp\/v2\/types\/page"}],"author":[{"embeddable":true,"href":"https:\/\/www.itapororocavilla.com.br\/s\/wp-json\/wp\/v2\/users\/1"}],"replies":[{"embeddable":true,"href":"https:\/\/www.itapororocavilla.com.br\/s\/wp-json\/wp\/v2\/comments?post=39"}],"version-history":[{"count":8,"href":"https:\/\/www.itapororocavilla.com.br\/s\/wp-json\/wp\/v2\/pages\/39\/revisions"}],"predecessor-version":[{"id":308,"href":"https:\/\/www.itapororocavilla.com.br\/s\/wp-json\/wp\/v2\/pages\/39\/revisions\/308"}],"wp:attachment":[{"href":"https:\/\/www.itapororocavilla.com.br\/s\/wp-json\/wp\/v2\/media?parent=39"}],"curies":[{"name":"wp","href":"https:\/\/api.w.org\/{rel}","templated":true}]}}