{"id":27,"date":"2015-09-24T17:35:34","date_gmt":"2015-09-24T17:35:34","guid":{"rendered":"http:\/\/www.itapororocavilla.com.br\/s\/?page_id=27"},"modified":"2018-09-25T13:47:54","modified_gmt":"2018-09-25T13:47:54","slug":"atividades","status":"publish","type":"page","link":"https:\/\/www.itapororocavilla.com.br\/s\/atividades\/","title":{"rendered":"ATIVIDADES"},"content":{"rendered":"<p style=\"text-align: center;\" align=\"justify\">A natureza exuberante da regi\u00e3o convida os h\u00f3spedes \u00e0\u00a0fazerem passeios inesquec\u00edveis como a barra do Rio dos Frades que \u00e9 o divisor entre as praias de Trancoso e as praias do Curu\u00edpe. Com a mar\u00e9 baixa \u00e9 poss\u00edvel atravess\u00e1-lo \u00e0 p\u00e9, na margem oposta existem moradores nativos que podem ajudar na travessia de canoa, seguindo \u00e0 p\u00e9 ou em bicicleta at\u00e9 a praia do Espelho Maravilha.<\/p>\n<p style=\"text-align: center;\" align=\"justify\"><strong>\u0095Passeios a cavalo &#8211;\u00a0\u0095Passeios de bicicleta &#8211;\u00a0\u0095Mergulho &#8211;\u00a0\u0095Visita \u00e0 fazenda Itapororoca de Cima da Mata Atl\u00e2ntica &#8211; \u00a0\u0095Fazenda dos b\u00fafalos &#8211;\u00a0\u0095Rio dos Frades &#8211;\u00a0\u0095Espelho Maravilha<\/strong><\/p>\n<p>&nbsp;<\/p>\n<!-- Carousel Style & Script for  gallery-69f85fdb27e89 -->\r\n\r\n<script type=\"text\/javascript\">\r\n\/\/ <![CDATA[\r\n\/* START --- Image Carousel --- *\/\r\n\r\njQuery(document).ready(function($) {\r\n\r\n    \r\n    $('.ghozylab-gallery img').each(function(i) {\r\n\r\n        $alt = $(this).attr('alt');\r\n\r\n        \/\/ Replace default title to more fancy :)\r\n        $(this).attr('alt', $alt.replace(\/-|_\/g, ' '));\r\n\r\n        $altnew = $(this).attr('alt').toLowerCase().replace(\/\\b[a-z]\/g, function(letter) {\r\n\r\n            return letter.toUpperCase();\r\n\r\n        });\r\n\r\n        $(this).attr('alt', $altnew);\r\n        \/\/ Compatibility with Zoom Lite Theme Image LazyLoad\r\n        $(this).removeAttr('data-lazy-src');\r\n\r\n    });\r\n\r\n    \r\n    $('#icppreloader-gallery-69f85fdb27e89').fadeOut(300, function() {\r\n        $('#gallery-69f85fdb27e89').fadeIn(300);\r\n        var slider69f85fdb27e89 = $('#gallery-69f85fdb27e89').bxSlider({\r\n            auto: false,\r\n            pause: 3000,\r\n            autoHover: true,\r\n            moveSlides: 3,\r\n            minSlides: 3,\r\n            maxSlides: 3,\r\n            slideWidth: 250,\r\n            slideMargin: 10,\r\n            startSlide: 0,\r\n            infiniteLoop: true,\r\n            captions: true,\r\n            captionsMode: 'alt',\r\n            adaptiveHeight: false,\r\n            useCSS: false,\r\n            pager: true,\r\n            easing: 'easeOutBounce',\r\n            speed: 2500,\r\n            preloadImages: 'all',\r\n            onSlideBefore: function() {\r\n                $('#gallery-69f85fdb27e89 .bx-caption').slideUp();\r\n            },\r\n            onSlideAfter: function($slideElement, oldIndex, newIndex) {\r\n                                $('#gallery-69f85fdb27e89 .bx-caption').slideDown();\r\n            }\r\n        });\r\n\r\n    });\r\n});\r\n\r\n\/* END --- Image Carousel --- *\/\r\n\r\n\/\/ ]]>\r\n<\/script>\r\n\r\n<style type=\"text\/css\">\r\n.markup-gallery-69f85fdb27e89 .carousel-item img {width: 100%;margin: 0 auto;border:none !important;border-radius: 0px !important;box-shadow:none !important;}.markup-gallery-69f85fdb27e89 .bx-controls-direction a {display: none;}.markup-gallery-69f85fdb27e89 .bx-wrapper:hover .bx-controls-direction a {display: block;}1<\/style>\r\n\r\n\n\t\t<div id='icppreloader-gallery-69f85fdb27e89' class='icpsliderpreloader'><\/div><div class='markup-gallery-69f85fdb27e89'><div style='display:none;' id='gallery-69f85fdb27e89' class='ghozylab-gallery galleryid-27 gallery-size-full'><div class='carousel-item'><a   href='https:\/\/www.itapororocavilla.com.br\/s\/wp-content\/uploads\/2015\/09\/caiaque-1024x633.jpg'><img width=\"1360\" height=\"841\" src=\"https:\/\/www.itapororocavilla.com.br\/s\/wp-content\/uploads\/image_carousel_thumbs\/caiaque-onoo3aqrd878x9rnbz9b9t1u0kafmafndcyt6uhutg.jpg\" class=\"attachment-full size-full\" alt=\"\" loading=\"lazy\" \/><\/a><\/div><div class='carousel-item'><a   href='https:\/\/www.itapororocavilla.com.br\/s\/wp-content\/uploads\/2015\/09\/standup-1024x576.jpg'><img width=\"2560\" height=\"1440\" src=\"https:\/\/www.itapororocavilla.com.br\/s\/wp-content\/uploads\/image_carousel_thumbs\/standup-onoo672ufu62pzk3eqcwgkpzyc06coxurpdpgk75ms.jpg\" class=\"attachment-full size-full\" alt=\"\" loading=\"lazy\" \/><\/a><\/div><div class='carousel-item'><a   href='https:\/\/www.itapororocavilla.com.br\/s\/wp-content\/uploads\/2015\/09\/JAO2997.jpg'><img width=\"800\" height=\"376\" src=\"https:\/\/www.itapororocavilla.com.br\/s\/wp-content\/uploads\/image_carousel_thumbs\/JAO2997-onoo58ateyugseym1tbpebhxz2rlfw3sax8qpbmq10.jpg\" class=\"attachment-full size-full\" alt=\"Passeio \u00e0 cavalo nas areias de Itapororoca Villa\" loading=\"lazy\" \/><\/a><\/div><div class='carousel-item'><a   href='https:\/\/www.itapororocavilla.com.br\/s\/wp-content\/uploads\/2015\/09\/abrolhos.jpg'><img width=\"800\" height=\"544\" src=\"https:\/\/www.itapororocavilla.com.br\/s\/wp-content\/uploads\/image_carousel_thumbs\/abrolhos-onoo2rxzkjhih2iydr4rvxsm4uv3ccd0mrx3lb9q9w.jpg\" class=\"attachment-full size-full\" alt=\"\" loading=\"lazy\" \/><\/a><\/div><div class='carousel-item'><a   href='https:\/\/www.itapororocavilla.com.br\/s\/wp-content\/uploads\/2015\/09\/barcos-itapororoca.jpg'><img width=\"500\" height=\"333\" src=\"https:\/\/www.itapororocavilla.com.br\/s\/wp-content\/uploads\/image_carousel_thumbs\/barcos-itapororoca-onoo361kf20tb7yh3f86fc8j1mxljswzoppdsgotok.jpg\" class=\"attachment-full size-full\" alt=\"\" loading=\"lazy\" \/><\/a><\/div>\r\n\t\t<\/div><\/div>\n\n","protected":false},"excerpt":{"rendered":"<p>A natureza exuberante da regi\u00e3o convida os h\u00f3spedes \u00e0\u00a0fazerem passeios inesquec\u00edveis como a barra do Rio dos Frades que \u00e9 o divisor entre as praias de Trancoso e as praias do Curu\u00edpe. Com a mar\u00e9 baixa \u00e9 poss\u00edvel atravess\u00e1-lo \u00e0 p\u00e9, na margem oposta existem moradores nativos que podem ajudar na travessia de canoa, seguindo [&hellip;]<\/p>\n","protected":false},"author":1,"featured_media":0,"parent":0,"menu_order":0,"comment_status":"closed","ping_status":"closed","template":"page-full-width-int.php","meta":[],"_links":{"self":[{"href":"https:\/\/www.itapororocavilla.com.br\/s\/wp-json\/wp\/v2\/pages\/27"}],"collection":[{"href":"https:\/\/www.itapororocavilla.com.br\/s\/wp-json\/wp\/v2\/pages"}],"about":[{"href":"https:\/\/www.itapororocavilla.com.br\/s\/wp-json\/wp\/v2\/types\/page"}],"author":[{"embeddable":true,"href":"https:\/\/www.itapororocavilla.com.br\/s\/wp-json\/wp\/v2\/users\/1"}],"replies":[{"embeddable":true,"href":"https:\/\/www.itapororocavilla.com.br\/s\/wp-json\/wp\/v2\/comments?post=27"}],"version-history":[{"count":20,"href":"https:\/\/www.itapororocavilla.com.br\/s\/wp-json\/wp\/v2\/pages\/27\/revisions"}],"predecessor-version":[{"id":315,"href":"https:\/\/www.itapororocavilla.com.br\/s\/wp-json\/wp\/v2\/pages\/27\/revisions\/315"}],"wp:attachment":[{"href":"https:\/\/www.itapororocavilla.com.br\/s\/wp-json\/wp\/v2\/media?parent=27"}],"curies":[{"name":"wp","href":"https:\/\/api.w.org\/{rel}","templated":true}]}}