{"id":2,"date":"2015-09-24T15:11:43","date_gmt":"2015-09-24T15:11:43","guid":{"rendered":"http:\/\/www.itapororocavilla.com.br\/s\/?page_id=2"},"modified":"2018-09-25T13:45:23","modified_gmt":"2018-09-25T13:45:23","slug":"a-villa","status":"publish","type":"page","link":"https:\/\/www.itapororocavilla.com.br\/s\/a-villa\/","title":{"rendered":"A VILLA"},"content":{"rendered":"<p style=\"text-align: center;\">Localizada na Costa Atl\u00e2ntica \u2013- Bahia, 4 km ao sul da Vila de Trancoso, na quase inabitada praia da Itapororoca, esta magn\u00edfica Villa tem 500m de frente-mar.<\/p>\n<p style=\"text-align: center;\">Encontra-se a 40 minutos do Aeroporto Internacional de Porto Seguro e 15 minutos do aeroporto particular de Terra Vista.<\/p>\n<p style=\"text-align: center;\">H\u00e1 ainda um heliponto na villa para at\u00e9 2\u00a0helic\u00f3pteros.<\/p>\n<p style=\"text-align: center;\">O acesso a praia \u00e9 privativo, a Villa \u00e9 &#8220;p\u00e9 na areia&#8221;. Os h\u00f3spedes passeiam por \u00e1guas<\/p>\n<p style=\"text-align: center;\">cristalinas da Praia de itapororoca<\/p>\n<!-- Carousel Style & Script for  gallery-69f85fb81aeca -->\r\n\r\n<script type=\"text\/javascript\">\r\n\/\/ <![CDATA[\r\n\/* START --- Image Carousel --- *\/\r\n\r\njQuery(document).ready(function($) {\r\n\r\n    \r\n    $('.ghozylab-gallery img').each(function(i) {\r\n\r\n        $alt = $(this).attr('alt');\r\n\r\n        \/\/ Replace default title to more fancy :)\r\n        $(this).attr('alt', $alt.replace(\/-|_\/g, ' '));\r\n\r\n        $altnew = $(this).attr('alt').toLowerCase().replace(\/\\b[a-z]\/g, function(letter) {\r\n\r\n            return letter.toUpperCase();\r\n\r\n        });\r\n\r\n        $(this).attr('alt', $altnew);\r\n        \/\/ Compatibility with Zoom Lite Theme Image LazyLoad\r\n        $(this).removeAttr('data-lazy-src');\r\n\r\n    });\r\n\r\n    \r\n    $('#icppreloader-gallery-69f85fb81aeca').fadeOut(300, function() {\r\n        $('#gallery-69f85fb81aeca').fadeIn(300);\r\n        var slider69f85fb81aeca = $('#gallery-69f85fb81aeca').bxSlider({\r\n            auto: false,\r\n            pause: 3000,\r\n            autoHover: true,\r\n            moveSlides: 3,\r\n            minSlides: 3,\r\n            maxSlides: 3,\r\n            slideWidth: 250,\r\n            slideMargin: 10,\r\n            startSlide: 0,\r\n            infiniteLoop: true,\r\n            captions: true,\r\n            captionsMode: 'alt',\r\n            adaptiveHeight: false,\r\n            useCSS: false,\r\n            pager: true,\r\n            easing: 'easeOutBounce',\r\n            speed: 2500,\r\n            preloadImages: 'all',\r\n            onSlideBefore: function() {\r\n                $('#gallery-69f85fb81aeca .bx-caption').slideUp();\r\n            },\r\n            onSlideAfter: function($slideElement, oldIndex, newIndex) {\r\n                                $('#gallery-69f85fb81aeca .bx-caption').slideDown();\r\n            }\r\n        });\r\n\r\n    });\r\n});\r\n\r\n\/* END --- Image Carousel --- *\/\r\n\r\n\/\/ ]]>\r\n<\/script>\r\n\r\n<style type=\"text\/css\">\r\n.markup-gallery-69f85fb81aeca .carousel-item img {width: 100%;margin: 0 auto;border:none !important;border-radius: 0px !important;box-shadow:none !important;}.markup-gallery-69f85fb81aeca .bx-controls-direction a {display: none;}.markup-gallery-69f85fb81aeca .bx-wrapper:hover .bx-controls-direction a {display: block;}1<\/style>\r\n\r\n\n\t\t<div id='icppreloader-gallery-69f85fb81aeca' class='icpsliderpreloader'><\/div><div class='markup-gallery-69f85fb81aeca'><div style='display:none;' id='gallery-69f85fb81aeca' class='ghozylab-gallery galleryid-2 gallery-size-full'><div class='carousel-item'><a   href='https:\/\/www.itapororocavilla.com.br\/s\/wp-content\/uploads\/2015\/09\/Itapororoca-Villa-entardecer-piscina-1024x683.jpg'><img width=\"2048\" height=\"1365\" src=\"https:\/\/www.itapororocavilla.com.br\/s\/wp-content\/uploads\/image_carousel_thumbs\/Itapororoca-Villa-entardecer-piscina-onoo55haugqltl2pia3tou7k6x5hssslajaa9hqwjo.jpg\" class=\"attachment-full size-full\" alt=\"\" loading=\"lazy\" \/><\/a><\/div><div class='carousel-item'><a   href='https:\/\/www.itapororocavilla.com.br\/s\/wp-content\/uploads\/2015\/09\/Entrada-da-Villa1.jpg'><img width=\"800\" height=\"530\" src=\"https:\/\/www.itapororocavilla.com.br\/s\/wp-content\/uploads\/image_carousel_thumbs\/Entrada-da-Villa1-onoo4xylbsgb8pdmq6ut4w3vfu6k37yqli2efa21xg.jpg\" class=\"attachment-full size-full\" alt=\"\" loading=\"lazy\" \/><\/a><\/div><div class='carousel-item'><a   href='https:\/\/www.itapororocavilla.com.br\/s\/wp-content\/uploads\/2015\/09\/Itapororoca-Villa-toalha-1024x683.jpg'><img width=\"2048\" height=\"1365\" src=\"https:\/\/www.itapororocavilla.com.br\/s\/wp-content\/uploads\/image_carousel_thumbs\/Itapororoca-Villa-toalha-onoo57cz84t6gszz7ax2ttqhdow88701ysl981o478.jpg\" class=\"attachment-full size-full\" alt=\"\" loading=\"lazy\" \/><\/a><\/div><div class='carousel-item'><a   href='https:\/\/www.itapororocavilla.com.br\/s\/wp-content\/uploads\/2015\/09\/casa-do-piano-vista-deck...jpg'><img width=\"530\" height=\"800\" src=\"https:\/\/www.itapororocavilla.com.br\/s\/wp-content\/uploads\/image_carousel_thumbs\/casa-do-piano-vista-deck..-onoo4da55fo05a7o2xx0m1bqdd0hdvon6nppv6wpqc.jpg\" class=\"attachment-full size-full\" alt=\"\" loading=\"lazy\" \/><\/a><\/div><div class='carousel-item'><a   href='https:\/\/www.itapororocavilla.com.br\/s\/wp-content\/uploads\/2015\/09\/casa-do-piano-vista-deck....jpg'><img width=\"800\" height=\"413\" src=\"https:\/\/www.itapororocavilla.com.br\/s\/wp-content\/uploads\/image_carousel_thumbs\/casa-do-piano-vista-deck...-onoo4da55fo05a7o2xx0m1bqdd0hdvon6nppv6wpqc.jpg\" class=\"attachment-full size-full\" alt=\"\" loading=\"lazy\" \/><\/a><\/div><div class='carousel-item'><a   href='https:\/\/www.itapororocavilla.com.br\/s\/wp-content\/uploads\/2015\/09\/casa-do-piano-vista-geral-noite.jpg'><img width=\"700\" height=\"389\" src=\"https:\/\/www.itapororocavilla.com.br\/s\/wp-content\/uploads\/image_carousel_thumbs\/casa-do-piano-vista-geral-noite-onoo4f5tj3qksi4xryq9r0unk4r7t9w3ux0otqtxdw.jpg\" class=\"attachment-full size-full\" alt=\"\" loading=\"lazy\" \/><\/a><\/div><div class='carousel-item'><a   href='https:\/\/www.itapororocavilla.com.br\/s\/wp-content\/uploads\/2015\/09\/casa-do-piano-vista-deck..jpg'><img width=\"700\" height=\"464\" src=\"https:\/\/www.itapororocavilla.com.br\/s\/wp-content\/uploads\/image_carousel_thumbs\/casa-do-piano-vista-deck.-onoo4da55fo05a7o2xx0m1bqdd0hdvon6nppv6wpqc.jpg\" class=\"attachment-full size-full\" alt=\"\" loading=\"lazy\" \/><\/a><\/div><div class='carousel-item'><a   href='https:\/\/www.itapororocavilla.com.br\/s\/wp-content\/uploads\/2015\/09\/entardecer-sobre-o-mangue.1.jpg'><img width=\"700\" height=\"414\" src=\"https:\/\/www.itapororocavilla.com.br\/s\/wp-content\/uploads\/image_carousel_thumbs\/entardecer-sobre-o-mangue.1-onoo4u78kgb5y9j3c58aux212ap38fjt8zggi67mmc.jpg\" class=\"attachment-full size-full\" alt=\"\" loading=\"lazy\" \/><\/a><\/div><div class='carousel-item'><a   href='https:\/\/www.itapororocavilla.com.br\/s\/wp-content\/uploads\/2015\/09\/IMG_0979_2-1024x768.jpg'><img width=\"1600\" height=\"1200\" src=\"https:\/\/www.itapororocavilla.com.br\/s\/wp-content\/uploads\/image_carousel_thumbs\/IMG_0979_2-onoo50s3wak67j9j9q2oude97zsnqb9xlw0uv3xves.jpg\" class=\"attachment-full size-full\" alt=\"\" loading=\"lazy\" \/><\/a><\/div><div class='carousel-item'><a   href='https:\/\/www.itapororocavilla.com.br\/s\/wp-content\/uploads\/2015\/11\/cozinha-gourmet.jpg'><img width=\"942\" height=\"636\" src=\"https:\/\/www.itapororocavilla.com.br\/s\/wp-content\/uploads\/image_carousel_thumbs\/cozinha-gourmet-onoo8km5prf62i3uj9by9h4y0eakt5dffgqw4qobwk.jpg\" class=\"attachment-full size-full\" alt=\"Cozinha Gourmet\" loading=\"lazy\" \/><\/a><\/div><div class='carousel-item'><a   href='https:\/\/www.itapororocavilla.com.br\/s\/wp-content\/uploads\/2015\/10\/Cozinha-Gourmet-vista-mata..-1024x683.jpg'><img width=\"2048\" height=\"1365\" src=\"https:\/\/www.itapororocavilla.com.br\/s\/wp-content\/uploads\/image_carousel_thumbs\/Cozinha-Gourmet-vista-mata..-onoo7h4xqpx4ivp6xs9mcr3l27p5tv0pa1chz4av5w.jpg\" class=\"attachment-full size-full\" alt=\"\" loading=\"lazy\" \/><\/a><\/div><div class='carousel-item'><a   href='https:\/\/www.itapororocavilla.com.br\/s\/wp-content\/uploads\/2015\/09\/deck-15-villa-1024x576.jpg'><img width=\"1200\" height=\"675\" src=\"https:\/\/www.itapororocavilla.com.br\/s\/wp-content\/uploads\/image_carousel_thumbs\/deck-15-villa-onoo4rdpzy7azfn6sm0f5frna52zlc8m8li02cbt50.jpg\" class=\"attachment-full size-full\" alt=\"Deck Villa\" loading=\"lazy\" \/><\/a><\/div><div class='carousel-item'><a   href='https:\/\/www.itapororocavilla.com.br\/s\/wp-content\/uploads\/2015\/09\/1200-1024x576.jpg'><img width=\"1200\" height=\"675\" src=\"https:\/\/www.itapororocavilla.com.br\/s\/wp-content\/uploads\/image_carousel_thumbs\/1200-onoo2p4h01dni8n1u7ww6gi8cp8zp91tmdyn5hdwsk.jpg\" class=\"attachment-full size-full\" alt=\"Deck Villa\" loading=\"lazy\" \/><\/a><\/div><div class='carousel-item'><a   href='https:\/\/www.itapororocavilla.com.br\/s\/wp-content\/uploads\/2018\/03\/apoio-praia-villa-1024x576.jpg'><img width=\"1920\" height=\"1080\" src=\"https:\/\/www.itapororocavilla.com.br\/s\/wp-content\/uploads\/image_carousel_thumbs\/apoio-praia-villa-onooa8rtv5pipjogrzc2p1yg1222hs08zqhyug74uc.jpg\" class=\"attachment-full size-full\" alt=\"\" loading=\"lazy\" \/><\/a><\/div><div class='carousel-item'><a   href='https:\/\/www.itapororocavilla.com.br\/s\/wp-content\/uploads\/2015\/09\/deck-2-villa-1024x576.jpg'><img width=\"1200\" height=\"675\" src=\"https:\/\/www.itapororocavilla.com.br\/s\/wp-content\/uploads\/image_carousel_thumbs\/deck-2-villa-onoo4t9edm9vmnkghmtoafakgwtq0qg2wusz0w90sk.jpg\" class=\"attachment-full size-full\" alt=\"Deck Villa\" loading=\"lazy\" \/><\/a><\/div><div class='carousel-item'><a   href='https:\/\/www.itapororocavilla.com.br\/s\/wp-content\/uploads\/2015\/09\/deck-1-villa-1024x576.jpg'><img width=\"1200\" height=\"675\" src=\"https:\/\/www.itapororocavilla.com.br\/s\/wp-content\/uploads\/image_carousel_thumbs\/deck-1-villa-onoo4qfvt460ntojy3lsky06or7mdn4vwguil2d7b8.jpg\" class=\"attachment-full size-full\" alt=\"Deck Villa\" loading=\"lazy\" \/><\/a><\/div>\r\n\t\t<\/div><\/div>\n\n","protected":false},"excerpt":{"rendered":"<p>Localizada na Costa Atl\u00e2ntica \u2013- Bahia, 4 km ao sul da Vila de Trancoso, na quase inabitada praia da Itapororoca, esta magn\u00edfica Villa tem 500m de frente-mar. Encontra-se a 40 minutos do Aeroporto Internacional de Porto Seguro e 15 minutos do aeroporto particular de Terra Vista. H\u00e1 ainda um heliponto na villa para at\u00e9 2\u00a0helic\u00f3pteros. [&hellip;]<\/p>\n","protected":false},"author":1,"featured_media":0,"parent":0,"menu_order":0,"comment_status":"closed","ping_status":"open","template":"page-full-width-int.php","meta":[],"_links":{"self":[{"href":"https:\/\/www.itapororocavilla.com.br\/s\/wp-json\/wp\/v2\/pages\/2"}],"collection":[{"href":"https:\/\/www.itapororocavilla.com.br\/s\/wp-json\/wp\/v2\/pages"}],"about":[{"href":"https:\/\/www.itapororocavilla.com.br\/s\/wp-json\/wp\/v2\/types\/page"}],"author":[{"embeddable":true,"href":"https:\/\/www.itapororocavilla.com.br\/s\/wp-json\/wp\/v2\/users\/1"}],"replies":[{"embeddable":true,"href":"https:\/\/www.itapororocavilla.com.br\/s\/wp-json\/wp\/v2\/comments?post=2"}],"version-history":[{"count":15,"href":"https:\/\/www.itapororocavilla.com.br\/s\/wp-json\/wp\/v2\/pages\/2\/revisions"}],"predecessor-version":[{"id":459,"href":"https:\/\/www.itapororocavilla.com.br\/s\/wp-json\/wp\/v2\/pages\/2\/revisions\/459"}],"wp:attachment":[{"href":"https:\/\/www.itapororocavilla.com.br\/s\/wp-json\/wp\/v2\/media?parent=2"}],"curies":[{"name":"wp","href":"https:\/\/api.w.org\/{rel}","templated":true}]}}