{"id":12,"date":"2015-09-24T16:58:51","date_gmt":"2015-09-24T16:58:51","guid":{"rendered":"http:\/\/www.itapororocavilla.com.br\/s\/?page_id=12"},"modified":"2018-09-25T13:50:58","modified_gmt":"2018-09-25T13:50:58","slug":"servicos","status":"publish","type":"page","link":"https:\/\/www.itapororocavilla.com.br\/s\/servicos\/","title":{"rendered":"SERVI\u00c7OS"},"content":{"rendered":"<p style=\"text-align: center;\" align=\"justify\">Nossos h\u00f3spedes podem relaxar e aproveitar o sol e o encanto da Bahia que nossa equipe cuidar\u00e1 de tudo para que tenham uma experi\u00eancia inesquec\u00edvel!<\/p>\n<p style=\"text-align: center;\" align=\"justify\">O Staff varia de acordo com a ocupa\u00e7\u00e3o da casa, nosso Chef e Gerente providenciar\u00e1 o que for necess\u00e1rio! Oferecemos servi\u00e7o de copeiro, chef de cozinha, governan\u00e7a, apoio de praia e piscina &#8212; mediante solicita\u00e7\u00e3o podemos oferecer os servi\u00e7o de concierge e bab\u00e1.<\/p>\n<p style=\"text-align: center;\" align=\"justify\">Nas \u00e1reas comuns da Villa frente mar,\u00a0os h\u00f3spedes desfrutar\u00e3o da piscina, sala de refei\u00e7\u00f5es, living e sala de TV.<\/p>\n<p style=\"text-align: center;\" align=\"justify\">Na praia dispomos de um apoio onde s\u00e3o servidos\u00a0as comidinhas, drinks num cen\u00e1rio \u00fanico.<\/p>\n<p>&nbsp;<\/p>\n<!-- Carousel Style & Script for  gallery-69f85ea48d87e -->\r\n\r\n<script type=\"text\/javascript\">\r\n\/\/ <![CDATA[\r\n\/* START --- Image Carousel --- *\/\r\n\r\njQuery(document).ready(function($) {\r\n\r\n    \r\n    $('.ghozylab-gallery img').each(function(i) {\r\n\r\n        $alt = $(this).attr('alt');\r\n\r\n        \/\/ Replace default title to more fancy :)\r\n        $(this).attr('alt', $alt.replace(\/-|_\/g, ' '));\r\n\r\n        $altnew = $(this).attr('alt').toLowerCase().replace(\/\\b[a-z]\/g, function(letter) {\r\n\r\n            return letter.toUpperCase();\r\n\r\n        });\r\n\r\n        $(this).attr('alt', $altnew);\r\n        \/\/ Compatibility with Zoom Lite Theme Image LazyLoad\r\n        $(this).removeAttr('data-lazy-src');\r\n\r\n    });\r\n\r\n    \r\n    $('#icppreloader-gallery-69f85ea48d87e').fadeOut(300, function() {\r\n        $('#gallery-69f85ea48d87e').fadeIn(300);\r\n        var slider69f85ea48d87e = $('#gallery-69f85ea48d87e').bxSlider({\r\n            auto: false,\r\n            pause: 3000,\r\n            autoHover: true,\r\n            moveSlides: 3,\r\n            minSlides: 3,\r\n            maxSlides: 3,\r\n            slideWidth: 250,\r\n            slideMargin: 10,\r\n            startSlide: 0,\r\n            infiniteLoop: true,\r\n            captions: true,\r\n            captionsMode: 'alt',\r\n            adaptiveHeight: false,\r\n            useCSS: false,\r\n            pager: true,\r\n            easing: 'easeOutBounce',\r\n            speed: 2500,\r\n            preloadImages: 'all',\r\n            onSlideBefore: function() {\r\n                $('#gallery-69f85ea48d87e .bx-caption').slideUp();\r\n            },\r\n            onSlideAfter: function($slideElement, oldIndex, newIndex) {\r\n                                $('#gallery-69f85ea48d87e .bx-caption').slideDown();\r\n            }\r\n        });\r\n\r\n    });\r\n});\r\n\r\n\/* END --- Image Carousel --- *\/\r\n\r\n\/\/ ]]>\r\n<\/script>\r\n\r\n<style type=\"text\/css\">\r\n.markup-gallery-69f85ea48d87e .carousel-item img {width: 100%;margin: 0 auto;border:none !important;border-radius: 0px !important;box-shadow:none !important;}.markup-gallery-69f85ea48d87e .bx-controls-direction a {display: none;}.markup-gallery-69f85ea48d87e .bx-wrapper:hover .bx-controls-direction a {display: block;}1<\/style>\r\n\r\n\n\t\t<div id='icppreloader-gallery-69f85ea48d87e' class='icpsliderpreloader'><\/div><div class='markup-gallery-69f85ea48d87e'><div style='display:none;' id='gallery-69f85ea48d87e' class='ghozylab-gallery galleryid-12 gallery-size-full'><div class='carousel-item'><a   href='https:\/\/www.itapororocavilla.com.br\/s\/wp-content\/uploads\/2015\/09\/Um.jpg'><img width=\"500\" height=\"375\" src=\"https:\/\/www.itapororocavilla.com.br\/s\/wp-content\/uploads\/image_carousel_thumbs\/Um-onoo6k8l3io38j0z9w1ofheg9q7bcge3hiii6fnn7o.jpg\" class=\"attachment-full size-full\" alt=\"\" loading=\"lazy\" \/><\/a><\/div><div class='carousel-item'><a   href='https:\/\/www.itapororocavilla.com.br\/s\/wp-content\/uploads\/2015\/09\/Tres.jpg'><img width=\"500\" height=\"375\" src=\"https:\/\/www.itapororocavilla.com.br\/s\/wp-content\/uploads\/image_carousel_thumbs\/Tres-onoo6icwpulilb3pkv8fahvj2ygkx26mt97j7vqfk4.jpg\" class=\"attachment-full size-full\" alt=\"\" loading=\"lazy\" \/><\/a><\/div><div class='carousel-item'><a   href='https:\/\/www.itapororocavilla.com.br\/s\/wp-content\/uploads\/2015\/09\/Sete.jpg'><img width=\"500\" height=\"375\" src=\"https:\/\/www.itapororocavilla.com.br\/s\/wp-content\/uploads\/image_carousel_thumbs\/Sete-onoo649bvc27r5o6v750r3fm66e2plmnrbf90qbc5g.jpg\" class=\"attachment-full size-full\" alt=\"\" loading=\"lazy\" \/><\/a><\/div><div class='carousel-item'><a   href='https:\/\/www.itapororocavilla.com.br\/s\/wp-content\/uploads\/2015\/09\/Seis.jpg'><img width=\"500\" height=\"375\" src=\"https:\/\/www.itapororocavilla.com.br\/s\/wp-content\/uploads\/image_carousel_thumbs\/Seis-onoo649bvc27r5o6v750r3fm66e2plmnrbf90qbc5g.jpg\" class=\"attachment-full size-full\" alt=\"\" loading=\"lazy\" \/><\/a><\/div><div class='carousel-item'><a   href='https:\/\/www.itapororocavilla.com.br\/s\/wp-content\/uploads\/2015\/09\/Onze.jpg'><img width=\"500\" height=\"375\" src=\"https:\/\/www.itapororocavilla.com.br\/s\/wp-content\/uploads\/image_carousel_thumbs\/Onze-onoo5b4bzgybr8uilcjl3ssbr8dp2zezbb7755ijic.jpg\" class=\"attachment-full size-full\" alt=\"\" loading=\"lazy\" \/><\/a><\/div><div class='carousel-item'><a   href='https:\/\/www.itapororocavilla.com.br\/s\/wp-content\/uploads\/2015\/09\/Nove.jpg'><img width=\"500\" height=\"375\" src=\"https:\/\/www.itapororocavilla.com.br\/s\/wp-content\/uploads\/image_carousel_thumbs\/Nove-onoo5b4bzgybr8uilcjl3ssbr8dp2zezbb7755ijic.jpg\" class=\"attachment-full size-full\" alt=\"\" loading=\"lazy\" \/><\/a><\/div><div class='carousel-item'><a   href='https:\/\/www.itapororocavilla.com.br\/s\/wp-content\/uploads\/2015\/09\/Dois.jpg'><img width=\"500\" height=\"375\" src=\"https:\/\/www.itapororocavilla.com.br\/s\/wp-content\/uploads\/image_carousel_thumbs\/Dois-onoo4t9edm9vmnkghmtoafakgwtq0qg2wusz0w90sk.jpg\" class=\"attachment-full size-full\" alt=\"\" loading=\"lazy\" \/><\/a><\/div><div class='carousel-item'><a   href='https:\/\/www.itapororocavilla.com.br\/s\/wp-content\/uploads\/2015\/09\/Dez.jpg'><img width=\"500\" height=\"375\" src=\"https:\/\/www.itapororocavilla.com.br\/s\/wp-content\/uploads\/image_carousel_thumbs\/Dez-onoo4t9edm9vmnkghmtoafakgwtq0qg2wusz0w90sk.jpg\" class=\"attachment-full size-full\" alt=\"\" loading=\"lazy\" \/><\/a><\/div><div class='carousel-item'><a   href='https:\/\/www.itapororocavilla.com.br\/s\/wp-content\/uploads\/2015\/09\/JAO2980.jpg'><img width=\"530\" height=\"800\" src=\"https:\/\/www.itapororocavilla.com.br\/s\/wp-content\/uploads\/image_carousel_thumbs\/JAO2980-onoo57cz84t6gszz7ax2ttqhdow88701ysl981o478.jpg\" class=\"attachment-full size-full\" alt=\"\" loading=\"lazy\" \/><\/a><\/div>\r\n\t\t<\/div><\/div>\n\n","protected":false},"excerpt":{"rendered":"<p>Nossos h\u00f3spedes podem relaxar e aproveitar o sol e o encanto da Bahia que nossa equipe cuidar\u00e1 de tudo para que tenham uma experi\u00eancia inesquec\u00edvel! O Staff varia de acordo com a ocupa\u00e7\u00e3o da casa, nosso Chef e Gerente providenciar\u00e1 o que for necess\u00e1rio! Oferecemos servi\u00e7o de copeiro, chef de cozinha, governan\u00e7a, apoio de praia [&hellip;]<\/p>\n","protected":false},"author":1,"featured_media":0,"parent":0,"menu_order":0,"comment_status":"closed","ping_status":"closed","template":"page-full-width-int.php","meta":[],"_links":{"self":[{"href":"https:\/\/www.itapororocavilla.com.br\/s\/wp-json\/wp\/v2\/pages\/12"}],"collection":[{"href":"https:\/\/www.itapororocavilla.com.br\/s\/wp-json\/wp\/v2\/pages"}],"about":[{"href":"https:\/\/www.itapororocavilla.com.br\/s\/wp-json\/wp\/v2\/types\/page"}],"author":[{"embeddable":true,"href":"https:\/\/www.itapororocavilla.com.br\/s\/wp-json\/wp\/v2\/users\/1"}],"replies":[{"embeddable":true,"href":"https:\/\/www.itapororocavilla.com.br\/s\/wp-json\/wp\/v2\/comments?post=12"}],"version-history":[{"count":13,"href":"https:\/\/www.itapororocavilla.com.br\/s\/wp-json\/wp\/v2\/pages\/12\/revisions"}],"predecessor-version":[{"id":301,"href":"https:\/\/www.itapororocavilla.com.br\/s\/wp-json\/wp\/v2\/pages\/12\/revisions\/301"}],"wp:attachment":[{"href":"https:\/\/www.itapororocavilla.com.br\/s\/wp-json\/wp\/v2\/media?parent=12"}],"curies":[{"name":"wp","href":"https:\/\/api.w.org\/{rel}","templated":true}]}}